{"id":454,"date":"2025-05-27T22:42:46","date_gmt":"2025-05-27T20:42:46","guid":{"rendered":"https:\/\/havava.sk\/?post_type=product&#038;p=454"},"modified":"2025-11-05T23:44:25","modified_gmt":"2025-11-05T22:44:25","slug":"poradenstvo-parove-cvicna-terapia","status":"publish","type":"product","link":"https:\/\/havava.sk\/?product=poradenstvo-parove-cvicna-terapia","title":{"rendered":"Poradenstvo &#8211; P\u00e1rov\u00e9 &#8211; Cvi\u010dn\u00e1 terapia"},"content":{"rendered":"<h3 data-start=\"590\" data-end=\"640\">\u2764\ufe0f P\u00e1rov\u00e9 psychologick\u00e9 poradenstvo \u2013 60 min\u00fat<\/h3>\n<p data-start=\"642\" data-end=\"818\"><strong data-start=\"642\" data-end=\"655\">Pre koho:<\/strong><br data-start=\"655\" data-end=\"658\" \/>Pre p\u00e1ry, ktor\u00e9 s\u00fa otvoren\u00e9 sk\u00fasenosti a s\u00fa ochotn\u00e9 poskytn\u00fa\u0165 s\u00fahlas so <strong data-start=\"1043\" data-end=\"1062\">z\u00e1znamom seden\u00ed<\/strong> (na \u00fa\u010dely superv\u00edzie a odborn\u00e9ho rastu terapeutky).<br data-start=\"1114\" data-end=\"1117\" \/>Vhodn\u00e9 pre p\u00e1ry, ktor\u00e9 chc\u00fa rie\u0161i\u0165 konflikty, zlep\u0161i\u0165 vz\u0165ahov\u00fa dynamiku alebo len bezpe\u010dne \u201ere\u0161tartova\u0165\u201c vz\u0165ah.<\/p>\n","protected":false},"excerpt":{"rendered":"<p data-start=\"306\" data-end=\"488\"><strong data-start=\"642\" data-end=\"655\">Pre koho:<\/strong><br data-start=\"655\" data-end=\"658\" \/>Pre p\u00e1ry, ktor\u00e9 s\u00fa otvoren\u00e9 sk\u00fasenosti a s\u00fa ochotn\u00e9 poskytn\u00fa\u0165 s\u00fahlas so <strong data-start=\"1043\" data-end=\"1062\">z\u00e1znamom seden\u00ed<\/strong> (na \u00fa\u010dely superv\u00edzie a odborn\u00e9ho rastu terapeutky).<br data-start=\"1114\" data-end=\"1117\" \/>Vhodn\u00e9 pre p\u00e1ry, ktor\u00e9 chc\u00fa rie\u0161i\u0165 konflikty, zlep\u0161i\u0165 vz\u0165ahov\u00fa dynamiku alebo len bezpe\u010dne \u201ere\u0161tartova\u0165\u201c vz\u0165ah.<\/p>\n<p data-start=\"490\" data-end=\"583\"><strong data-start=\"820\" data-end=\"832\">Trvanie:<\/strong> 60 min\u00fat<br data-start=\"841\" data-end=\"844\" \/><strong data-start=\"844\" data-end=\"853\">Cena:<\/strong> 40 \u20ac<br data-start=\"858\" data-end=\"861\" \/><strong data-start=\"861\" data-end=\"871\">Forma:<\/strong> Osobne v Bratislave alebo <a href=\"https:\/\/outlook.office.com\/bookwithme\/user\/2b82100303304a869091a8f376ced27c@uniba.sk\/meetingtype\/WRNOjzVDfUiKsBA_Y6c9rQ2?anonymous&amp;ep=owaSlotsCopyLink\">online (MS Teams)<\/a><\/p>\n<hr data-start=\"1464\" data-end=\"1467\" \/>\n<h3 data-start=\"1469\" data-end=\"1501\">\ud83d\udcc5 Inform\u00e1cie k rezerv\u00e1ci\u00e1m:<\/h3>\n<ul>\n<li data-start=\"1503\" data-end=\"1577\">\n<p data-start=\"1505\" data-end=\"1577\">Term\u00edn si vyberiete po objednan\u00ed \u2013<a href=\"https:\/\/outlook.office.com\/bookwithme\/user\/2b82100303304a869091a8f376ced27c@uniba.sk\/meetingtype\/bqtFrIiYE02LxXn_FQN_Fw2?anonymous&amp;ep=owaSlotsCopyLink\">prezen\u010dne (kalend\u00e1r)<\/a> alebo <a href=\"https:\/\/outlook.office.com\/bookwithme\/user\/2b82100303304a869091a8f376ced27c@uniba.sk\/meetingtype\/WRNOjzVDfUiKsBA_Y6c9rQ2?anonymous&amp;ep=owaSlotsCopyLink\">online kalend\u00e1r.<\/a><\/p>\n<\/li>\n<li data-start=\"1580\" data-end=\"1649\">V pr\u00edpade zru\u0161enia najmenej 24 hod\u00edn vopred nebude \u00fa\u010dtovan\u00fd poplatok.<\/li>\n<li data-start=\"1652\" data-end=\"1726\">V pr\u00edpade neskor\u00e9ho zru\u0161enia (menej ako 24 hod\u00edn pred stretnut\u00edm) alebo ne\u00fa\u010dasti sa hrad\u00ed pln\u00e1 suma stretnutia.<\/li>\n<\/ul>\n<p data-start=\"417\" data-end=\"591\"><strong data-start=\"417\" data-end=\"433\">Upozornenie:<\/strong> Psychologick\u00e9 poradenstvo a terapeutick\u00e1 pr\u00e1ca, ktor\u00fa poskytujem, <strong data-start=\"500\" data-end=\"532\">nie s\u00fa zdravotn\u00edckym v\u00fdkonom<\/strong> a nenahr\u00e1dzaj\u00fa psychiatrick\u00fa alebo klinick\u00fa starostlivos\u0165.<\/p>\n<p data-start=\"593\" data-end=\"868\">V procese poradenstva sa prirodzene m\u00f4\u017ee sta\u0165, \u017ee sa <strong data-start=\"646\" data-end=\"733\">na za\u010diatku objavia aj n\u00e1ro\u010dnej\u0161ie em\u00f3cie alebo do\u010dasn\u00e9 zhor\u0161enie psychickej pohody<\/strong>, k\u00fdm sa niektor\u00e9 z\u00e1\u017eitky spracuj\u00fa a uchopia. Je to be\u017en\u00e1 s\u00fa\u010das\u0165 zmeny a rastu. Budem v\u00e1s t\u00fdmto procesom sprev\u00e1dza\u0165 bezpe\u010dne a citlivo.<\/p>\n<p data-start=\"870\" data-end=\"946\">Ak m\u00e1te ak\u00e9ko\u013evek ot\u00e1zky alebo pochybnosti, pokojne ma kontaktujte e-mailom.<\/p>\n","protected":false},"featured_media":470,"comment_status":"open","ping_status":"closed","template":"","meta":{"_monsterinsights_skip_tracking":false,"_monsterinsights_sitenote_active":false,"_monsterinsights_sitenote_note":"","_monsterinsights_sitenote_category":0},"product_brand":[],"product_cat":[44],"product_tag":[45],"class_list":{"0":"post-454","1":"product","2":"type-product","3":"status-publish","4":"has-post-thumbnail","6":"product_cat-poradenstvo","7":"product_tag-poradenstvo","9":"first","10":"instock","11":"sale","12":"virtual","13":"purchasable","14":"product-type-simple"},"jetpack_sharing_enabled":true,"_links":{"self":[{"href":"https:\/\/havava.sk\/index.php?rest_route=\/wp\/v2\/product\/454","targetHints":{"allow":["GET"]}}],"collection":[{"href":"https:\/\/havava.sk\/index.php?rest_route=\/wp\/v2\/product"}],"about":[{"href":"https:\/\/havava.sk\/index.php?rest_route=\/wp\/v2\/types\/product"}],"replies":[{"embeddable":true,"href":"https:\/\/havava.sk\/index.php?rest_route=%2Fwp%2Fv2%2Fcomments&post=454"}],"wp:featuredmedia":[{"embeddable":true,"href":"https:\/\/havava.sk\/index.php?rest_route=\/wp\/v2\/media\/470"}],"wp:attachment":[{"href":"https:\/\/havava.sk\/index.php?rest_route=%2Fwp%2Fv2%2Fmedia&parent=454"}],"wp:term":[{"taxonomy":"product_brand","embeddable":true,"href":"https:\/\/havava.sk\/index.php?rest_route=%2Fwp%2Fv2%2Fproduct_brand&post=454"},{"taxonomy":"product_cat","embeddable":true,"href":"https:\/\/havava.sk\/index.php?rest_route=%2Fwp%2Fv2%2Fproduct_cat&post=454"},{"taxonomy":"product_tag","embeddable":true,"href":"https:\/\/havava.sk\/index.php?rest_route=%2Fwp%2Fv2%2Fproduct_tag&post=454"}],"curies":[{"name":"wp","href":"https:\/\/api.w.org\/{rel}","templated":true}]}}