{"id":283,"date":"2023-02-14T13:44:46","date_gmt":"2023-02-14T12:44:46","guid":{"rendered":"https:\/\/havava.sk\/?post_type=product&#038;p=283"},"modified":"2025-12-06T14:00:04","modified_gmt":"2025-12-06T13:00:04","slug":"set-materialov-level-5","status":"publish","type":"product","link":"https:\/\/havava.sk\/?product=set-materialov-level-5","title":{"rendered":"Set materi\u00e1lov Level 5"},"content":{"rendered":"<p>Z\u00e1kladn\u00fd bal\u00ed\u010dek materi\u00e1lov obsahuje 5-jazy\u010dn\u00e9 DVD, \u0161es\u0165 kni\u017eiek k pr\u00edbehom (24-30) + CD s muzik\u00e1lmi k pr\u00edbehom vo vybranom jazyku (anglick\u00fd, nemeck\u00fd, taliansky, \u0161panielsky, franc\u00fazsky) a n\u00e1lepku s dinodi\u00e1rom.<\/p>\n","protected":false},"excerpt":{"rendered":"<p>Z\u00e1kladn\u00fd bal\u00ed\u010dek materi\u00e1lov obsahuje 5-jazy\u010dn\u00e9 DVD, \u0161es\u0165 kni\u017eiek k pr\u00edbehom (24-30) + CD s muzik\u00e1lmi k pr\u00edbehom vo vybranom jazyku (anglick\u00fd, nemeck\u00fd, taliansky, \u0161panielsky, franc\u00fazsky) a n\u00e1lepku s dinodi\u00e1rom.<\/p>\n","protected":false},"featured_media":118,"comment_status":"open","ping_status":"closed","template":"","meta":{"_monsterinsights_skip_tracking":false,"_monsterinsights_sitenote_active":false,"_monsterinsights_sitenote_note":"","_monsterinsights_sitenote_category":0},"product_brand":[],"product_cat":[22,29],"product_tag":[],"class_list":{"0":"post-283","1":"product","2":"type-product","3":"status-publish","4":"has-post-thumbnail","6":"product_cat-sety-materialov","7":"product_cat-materialy-sety-materialov-4","9":"first","10":"instock","11":"shipping-taxable","12":"purchasable","13":"product-type-variable"},"jetpack_sharing_enabled":true,"_links":{"self":[{"href":"https:\/\/havava.sk\/index.php?rest_route=\/wp\/v2\/product\/283","targetHints":{"allow":["GET"]}}],"collection":[{"href":"https:\/\/havava.sk\/index.php?rest_route=\/wp\/v2\/product"}],"about":[{"href":"https:\/\/havava.sk\/index.php?rest_route=\/wp\/v2\/types\/product"}],"replies":[{"embeddable":true,"href":"https:\/\/havava.sk\/index.php?rest_route=%2Fwp%2Fv2%2Fcomments&post=283"}],"wp:featuredmedia":[{"embeddable":true,"href":"https:\/\/havava.sk\/index.php?rest_route=\/wp\/v2\/media\/118"}],"wp:attachment":[{"href":"https:\/\/havava.sk\/index.php?rest_route=%2Fwp%2Fv2%2Fmedia&parent=283"}],"wp:term":[{"taxonomy":"product_brand","embeddable":true,"href":"https:\/\/havava.sk\/index.php?rest_route=%2Fwp%2Fv2%2Fproduct_brand&post=283"},{"taxonomy":"product_cat","embeddable":true,"href":"https:\/\/havava.sk\/index.php?rest_route=%2Fwp%2Fv2%2Fproduct_cat&post=283"},{"taxonomy":"product_tag","embeddable":true,"href":"https:\/\/havava.sk\/index.php?rest_route=%2Fwp%2Fv2%2Fproduct_tag&post=283"}],"curies":[{"name":"wp","href":"https:\/\/api.w.org\/{rel}","templated":true}]}}