{"id":273,"date":"2023-02-14T13:19:08","date_gmt":"2023-02-14T12:19:08","guid":{"rendered":"https:\/\/havava.sk\/?post_type=product&#038;p=273"},"modified":"2025-11-05T23:55:59","modified_gmt":"2025-11-05T22:55:59","slug":"malovanka-hocuslotus","status":"publish","type":"product","link":"https:\/\/havava.sk\/?product=malovanka-hocuslotus","title":{"rendered":"Ma\u013eov\u00e1nka Hocus&#038;Lotus"},"content":{"rendered":"<p>Jednoduch\u00e1 ma\u013eov\u00e1nka Hocus&amp;Lotus. Ka\u017ed\u00fd pr\u00edbeh obsahuje dva obr\u00e1zky, ktor\u00e9 s\u00fa pre neho \u0161pecifick\u00e9. Spolu 13 obr\u00e1zkov. Form\u00e1t A5, Ur\u010den\u00e9 ako doplnkov\u00fd materi\u00e1l pre die\u0165a na doma.<\/p>\n","protected":false},"excerpt":{"rendered":"<p>Jednoduch\u00e1 ma\u013eov\u00e1nka Hocus&amp;Lotus. Ka\u017ed\u00fd pr\u00edbeh obsahuje dva obr\u00e1zky, ktor\u00e9 s\u00fa pre neho \u0161pecifick\u00e9. Spolu 13 obr\u00e1zkov. Form\u00e1t A5, tvrd\u00fd papier vhodn\u00fd pre detsk\u00e9 ma\u013eov\u00e1nky. Ur\u010den\u00e9 ako doplnkov\u00fd materi\u00e1l pre die\u0165a na doma.<\/p>\n","protected":false},"featured_media":109,"comment_status":"open","ping_status":"closed","template":"","meta":{"_monsterinsights_skip_tracking":false,"_monsterinsights_sitenote_active":false,"_monsterinsights_sitenote_note":"","_monsterinsights_sitenote_category":0},"product_brand":[],"product_cat":[18],"product_tag":[37,38,39],"class_list":{"0":"post-273","1":"product","2":"type-product","3":"status-publish","4":"has-post-thumbnail","6":"product_cat-doplnky","7":"product_tag-lv1","8":"product_tag-lv2","9":"product_tag-lv3","11":"first","12":"instock","13":"shipping-taxable","14":"product-type-variable"},"jetpack_sharing_enabled":true,"_links":{"self":[{"href":"https:\/\/havava.sk\/index.php?rest_route=\/wp\/v2\/product\/273","targetHints":{"allow":["GET"]}}],"collection":[{"href":"https:\/\/havava.sk\/index.php?rest_route=\/wp\/v2\/product"}],"about":[{"href":"https:\/\/havava.sk\/index.php?rest_route=\/wp\/v2\/types\/product"}],"replies":[{"embeddable":true,"href":"https:\/\/havava.sk\/index.php?rest_route=%2Fwp%2Fv2%2Fcomments&post=273"}],"wp:featuredmedia":[{"embeddable":true,"href":"https:\/\/havava.sk\/index.php?rest_route=\/wp\/v2\/media\/109"}],"wp:attachment":[{"href":"https:\/\/havava.sk\/index.php?rest_route=%2Fwp%2Fv2%2Fmedia&parent=273"}],"wp:term":[{"taxonomy":"product_brand","embeddable":true,"href":"https:\/\/havava.sk\/index.php?rest_route=%2Fwp%2Fv2%2Fproduct_brand&post=273"},{"taxonomy":"product_cat","embeddable":true,"href":"https:\/\/havava.sk\/index.php?rest_route=%2Fwp%2Fv2%2Fproduct_cat&post=273"},{"taxonomy":"product_tag","embeddable":true,"href":"https:\/\/havava.sk\/index.php?rest_route=%2Fwp%2Fv2%2Fproduct_tag&post=273"}],"curies":[{"name":"wp","href":"https:\/\/api.w.org\/{rel}","templated":true}]}}