{"id":271,"date":"2023-02-14T13:03:06","date_gmt":"2023-02-14T12:03:06","guid":{"rendered":"https:\/\/havava.sk\/?post_type=product&#038;p=271"},"modified":"2025-11-05T23:57:16","modified_gmt":"2025-11-05T22:57:16","slug":"plysova-hracka-hocus","status":"publish","type":"product","link":"https:\/\/havava.sk\/?product=plysova-hracka-hocus","title":{"rendered":"Ply\u0161ov\u00e1 hra\u010dka Hocus"},"content":{"rendered":"<p>Ply\u0161ov\u00fd Hocus a Lotuska s\u00fa u det\u00ed ve\u013emi ob\u013e\u00faben\u00e9 nielen ako hra\u010dky, ale aj ako metodick\u00fd materi\u00e1l pomocou ktor\u00e9ho ost\u00e1vaj\u00fa v kontakte s cudz\u00edm jazykom.<br \/>\nHra s ply\u0161\u00e1kmi podporuje predstavivos\u0165 a tvorivos\u0165 u det\u00ed, ale aj komunik\u00e1ciu a napom\u00e1ha precvi\u010dovaniu fr\u00e1z z preberan\u00e9ho pr\u00edbehu.<br \/>\nPodporuje utv\u00e1ranie bezpe\u010dia a d\u00f4very a istoty v pou\u017e\u00edvan\u00ed cudzieho jazyka.<\/p>\n","protected":false},"excerpt":{"rendered":"<p>Ply\u0161ov\u00fd Hocus a Lotuska s\u00fa u det\u00ed ve\u013emi ob\u013e\u00faben\u00e9 nielen ako hra\u010dky, ale aj ako metodick\u00fd materi\u00e1l pomocou ktor\u00e9ho ost\u00e1vaj\u00fa v kontakte s cudz\u00edm jazykom.<br \/>\nHra s ply\u0161\u00e1kmi podporuje predstavivos\u0165 a tvorivos\u0165 u det\u00ed, ale aj komunik\u00e1ciu a napom\u00e1ha precvi\u010dovaniu fr\u00e1z z preberan\u00e9ho pr\u00edbehu.<br \/>\nPodporuje utv\u00e1ranie bezpe\u010dia a d\u00f4very a istoty v pou\u017e\u00edvan\u00ed cudzieho jazyka.<\/p>\n","protected":false},"featured_media":121,"comment_status":"open","ping_status":"closed","template":"","meta":{"_monsterinsights_skip_tracking":false,"_monsterinsights_sitenote_active":false,"_monsterinsights_sitenote_note":"","_monsterinsights_sitenote_category":0},"product_brand":[],"product_cat":[18],"product_tag":[36],"class_list":{"0":"post-271","1":"product","2":"type-product","3":"status-publish","4":"has-post-thumbnail","6":"product_cat-doplnky","7":"product_tag-hocus","9":"first","10":"instock","11":"shipping-taxable","12":"purchasable","13":"product-type-simple"},"jetpack_sharing_enabled":true,"_links":{"self":[{"href":"https:\/\/havava.sk\/index.php?rest_route=\/wp\/v2\/product\/271","targetHints":{"allow":["GET"]}}],"collection":[{"href":"https:\/\/havava.sk\/index.php?rest_route=\/wp\/v2\/product"}],"about":[{"href":"https:\/\/havava.sk\/index.php?rest_route=\/wp\/v2\/types\/product"}],"replies":[{"embeddable":true,"href":"https:\/\/havava.sk\/index.php?rest_route=%2Fwp%2Fv2%2Fcomments&post=271"}],"wp:featuredmedia":[{"embeddable":true,"href":"https:\/\/havava.sk\/index.php?rest_route=\/wp\/v2\/media\/121"}],"wp:attachment":[{"href":"https:\/\/havava.sk\/index.php?rest_route=%2Fwp%2Fv2%2Fmedia&parent=271"}],"wp:term":[{"taxonomy":"product_brand","embeddable":true,"href":"https:\/\/havava.sk\/index.php?rest_route=%2Fwp%2Fv2%2Fproduct_brand&post=271"},{"taxonomy":"product_cat","embeddable":true,"href":"https:\/\/havava.sk\/index.php?rest_route=%2Fwp%2Fv2%2Fproduct_cat&post=271"},{"taxonomy":"product_tag","embeddable":true,"href":"https:\/\/havava.sk\/index.php?rest_route=%2Fwp%2Fv2%2Fproduct_tag&post=271"}],"curies":[{"name":"wp","href":"https:\/\/api.w.org\/{rel}","templated":true}]}}