{"id":270,"date":"2023-02-14T12:57:24","date_gmt":"2023-02-14T11:57:24","guid":{"rendered":"https:\/\/havava.sk\/?post_type=product&#038;p=270"},"modified":"2025-11-05T23:56:28","modified_gmt":"2025-11-05T22:56:28","slug":"magicke-tricko-dospely","status":"publish","type":"product","link":"https:\/\/havava.sk\/?product=magicke-tricko-dospely","title":{"rendered":"Magick\u00e9 tri\u010dko &#8211; dospel\u00fd"},"content":{"rendered":"<p>Magick\u00e9 tri\u010dko pre u\u010dite\u013eku alebo rodi\u010da v pr\u00edpade dom\u00e1ceho vzdel\u00e1vania. Ve\u013ekos\u0165 XXL<\/p>\n","protected":false},"excerpt":{"rendered":"<p>Magick\u00e9 tri\u010dko pre u\u010dite\u013eku alebo rodi\u010da v pr\u00edpade dom\u00e1ceho vzdel\u00e1vania. Dostato\u010dne vo\u013en\u00e9 a vzdu\u0161n\u00e9, mo\u017enos\u0165 nosi\u0165 na inom oble\u010den\u00ed. Ve\u013ekos\u0165 XXL<\/p>\n<p>K tri\u010dku patr\u00ed aj pl\u00e1ten\u00e1 ta\u0161ka klasickej ve\u013ekosti, aby si do nej mohla u\u010dite\u013eka zbali\u0165 v\u0161etky potrebn\u00e9 materi\u00e1ly a podklady na vyu\u010dovanie.<\/p>\n<p>&nbsp;<\/p>\n","protected":false},"featured_media":143,"comment_status":"open","ping_status":"closed","template":"","meta":{"_monsterinsights_skip_tracking":false,"_monsterinsights_sitenote_active":false,"_monsterinsights_sitenote_note":"","_monsterinsights_sitenote_category":0},"product_brand":[],"product_cat":[18,17],"product_tag":[],"class_list":{"0":"post-270","1":"product","2":"type-product","3":"status-publish","4":"has-post-thumbnail","6":"product_cat-doplnky","7":"product_cat-tricka","9":"first","10":"instock","11":"shipping-taxable","12":"purchasable","13":"product-type-simple"},"jetpack_sharing_enabled":true,"_links":{"self":[{"href":"https:\/\/havava.sk\/index.php?rest_route=\/wp\/v2\/product\/270","targetHints":{"allow":["GET"]}}],"collection":[{"href":"https:\/\/havava.sk\/index.php?rest_route=\/wp\/v2\/product"}],"about":[{"href":"https:\/\/havava.sk\/index.php?rest_route=\/wp\/v2\/types\/product"}],"replies":[{"embeddable":true,"href":"https:\/\/havava.sk\/index.php?rest_route=%2Fwp%2Fv2%2Fcomments&post=270"}],"wp:featuredmedia":[{"embeddable":true,"href":"https:\/\/havava.sk\/index.php?rest_route=\/wp\/v2\/media\/143"}],"wp:attachment":[{"href":"https:\/\/havava.sk\/index.php?rest_route=%2Fwp%2Fv2%2Fmedia&parent=270"}],"wp:term":[{"taxonomy":"product_brand","embeddable":true,"href":"https:\/\/havava.sk\/index.php?rest_route=%2Fwp%2Fv2%2Fproduct_brand&post=270"},{"taxonomy":"product_cat","embeddable":true,"href":"https:\/\/havava.sk\/index.php?rest_route=%2Fwp%2Fv2%2Fproduct_cat&post=270"},{"taxonomy":"product_tag","embeddable":true,"href":"https:\/\/havava.sk\/index.php?rest_route=%2Fwp%2Fv2%2Fproduct_tag&post=270"}],"curies":[{"name":"wp","href":"https:\/\/api.w.org\/{rel}","templated":true}]}}