{"id":262,"date":"2023-02-14T12:41:03","date_gmt":"2023-02-14T11:41:03","guid":{"rendered":"https:\/\/havava.sk\/?post_type=product&#038;p=262"},"modified":"2026-03-19T18:13:43","modified_gmt":"2026-03-19T17:13:43","slug":"level-7-set-materialov-pre-anglicky-jazyk","status":"publish","type":"product","link":"https:\/\/havava.sk\/?product=level-7-set-materialov-pre-anglicky-jazyk","title":{"rendered":"Level 7 &#8211; set materi\u00e1lov pre anglick\u00fd jazyk"},"content":{"rendered":"<p>Pr\u00edbehy 37 &#8211; 42 ur\u010den\u00e9 pre deti nav\u0161tevuj\u00face z\u00e1kladn\u00fa \u0161kolu. Set obsahuje kni\u017eku komiksov\u00e9ho charakteru s textami, USB s video a audio nahr\u00e1vkami pr\u00edbehov.<\/p>\n<p>&nbsp;<\/p>\n","protected":false},"excerpt":{"rendered":"<p>U\u010debnica anglick\u00e9ho jazyka s cvi\u010deniami, komiksom pre \u017eiakov, z\u00e1bavn\u00fdmi \u00falohami a prepisom minimuzik\u00e1lov, USB s videami z\u00e1bavn\u00fdch pr\u00edbehov, audio nahr\u00e1vkami a karaoke. Vhodn\u00e9 pre \u0161kolopovinn\u00e9 deti, ktor\u00e9 u\u017e vedia rozpr\u00e1va\u0165 po anglicky a u\u010dia sa \u010d\u00edta\u0165 a p\u00edsa\u0165 v anglickom jazyku.<\/p>\n","protected":false},"featured_media":113,"comment_status":"open","ping_status":"closed","template":"","meta":{"_monsterinsights_skip_tracking":false,"_monsterinsights_sitenote_active":false,"_monsterinsights_sitenote_note":"","_monsterinsights_sitenote_category":0},"product_brand":[],"product_cat":[22,31],"product_tag":[],"class_list":{"0":"post-262","1":"product","2":"type-product","3":"status-publish","4":"has-post-thumbnail","6":"product_cat-sety-materialov","7":"product_cat-materialy-anglicky-jazyk","9":"first","10":"instock","11":"shipping-taxable","12":"purchasable","13":"product-type-simple"},"jetpack_sharing_enabled":true,"_links":{"self":[{"href":"https:\/\/havava.sk\/index.php?rest_route=\/wp\/v2\/product\/262","targetHints":{"allow":["GET"]}}],"collection":[{"href":"https:\/\/havava.sk\/index.php?rest_route=\/wp\/v2\/product"}],"about":[{"href":"https:\/\/havava.sk\/index.php?rest_route=\/wp\/v2\/types\/product"}],"replies":[{"embeddable":true,"href":"https:\/\/havava.sk\/index.php?rest_route=%2Fwp%2Fv2%2Fcomments&post=262"}],"wp:featuredmedia":[{"embeddable":true,"href":"https:\/\/havava.sk\/index.php?rest_route=\/wp\/v2\/media\/113"}],"wp:attachment":[{"href":"https:\/\/havava.sk\/index.php?rest_route=%2Fwp%2Fv2%2Fmedia&parent=262"}],"wp:term":[{"taxonomy":"product_brand","embeddable":true,"href":"https:\/\/havava.sk\/index.php?rest_route=%2Fwp%2Fv2%2Fproduct_brand&post=262"},{"taxonomy":"product_cat","embeddable":true,"href":"https:\/\/havava.sk\/index.php?rest_route=%2Fwp%2Fv2%2Fproduct_cat&post=262"},{"taxonomy":"product_tag","embeddable":true,"href":"https:\/\/havava.sk\/index.php?rest_route=%2Fwp%2Fv2%2Fproduct_tag&post=262"}],"curies":[{"name":"wp","href":"https:\/\/api.w.org\/{rel}","templated":true}]}}