{"id":67,"date":"2022-12-28T11:40:42","date_gmt":"2022-12-28T10:40:42","guid":{"rendered":"http:\/\/havava.sk\/?page_id=67"},"modified":"2025-05-27T23:13:13","modified_gmt":"2025-05-27T21:13:13","slug":"vyskum","status":"publish","type":"page","link":"https:\/\/havava.sk\/?page_id=67","title":{"rendered":"Poradenstvo"},"content":{"rendered":"<h3 data-start=\"241\" data-end=\"305\">Ponuka psychologick\u00e9ho poradenstva a cvi\u010dnej p\u00e1rovej terapie (EFT)<\/h3>\n<p data-start=\"307\" data-end=\"581\">H\u013ead\u00e1te priestor, kde sa m\u00f4\u017eete pozrie\u0165 na seba, svoje vz\u0165ahy alebo rodi\u010dovstvo s v\u00e4\u010d\u0161\u00edm porozumen\u00edm? Venujem sa psychologick\u00e9mu poradenstvu pre <strong data-start=\"452\" data-end=\"481\">jednotlivcov, p\u00e1ry a deti<\/strong>, s d\u00f4razom na citliv\u00fd pr\u00edstup, re\u0161pekt k jedine\u010dnosti ka\u017ed\u00e9ho klienta a podporu vn\u00fatorn\u00fdch zdrojov.<\/p>\n<p data-start=\"583\" data-end=\"928\"><strong data-start=\"583\" data-end=\"677\">Aktu\u00e1lne h\u013ead\u00e1m dvojice (p\u00e1ry), ktor\u00e9 by mali z\u00e1ujem zapoji\u0165 sa <a href=\"https:\/\/havava.sk\/?product=poradenstvo-parove-cvicna-terapia\">do cvi\u010dnej p\u00e1rovej terapie v r\u00e1mci v\u00fdcviku terapie zameranej na em\u00f3cie<\/a>.<\/strong>\u00a0Ide o s\u00fa\u010das\u0165 m\u00f4jho odborn\u00e9ho v\u00fdcviku, po\u010das ktor\u00e9ho pracujem pod odbornou superv\u00edziou. Sedenia bud\u00fa so s\u00fahlasom klientov <strong data-start=\"800\" data-end=\"821\">zvukovo nahr\u00e1van\u00e9<\/strong> v\u00fdlu\u010dne za \u00fa\u010delom superv\u00edzie a anal\u00fdzy. Diskr\u00e9tnos\u0165, ochrana s\u00fakromia a d\u00f4vernos\u0165 \u00fadajov s\u00fa samozrejmos\u0165ou.<\/p>\n<p data-start=\"930\" data-end=\"1030\">Ako po\u010fakovanie za spolupr\u00e1cu pon\u00fakam t\u00fdmto p\u00e1rom <strong data-start=\"980\" data-end=\"1029\">zv\u00fdhodnen\u00fa cenu \u2013 polovicu \u0161tandardnej sadzby<\/strong>.<\/p>\n<p data-start=\"930\" data-end=\"1030\">Tie\u017e h\u013ead\u00e1m \u013eud\u00ed <a href=\"https:\/\/havava.sk\/?product=poradenstvo-jednotlivec-kopia\">do cvi\u010dnej individu\u00e1lnej terapie<\/a> v r\u00e1mci m\u00f4jho terapeutick\u00e9ho v\u00fdcviku v procesorientovanej psychoterapii. Sedenia bud\u00fa so s\u00fahlasom klientov <strong data-start=\"800\" data-end=\"821\">zvukovo nahr\u00e1van\u00e9<\/strong> v\u00fdlu\u010dne za \u00fa\u010delom superv\u00edzie a anal\u00fdzy. Diskr\u00e9tnos\u0165, ochrana s\u00fakromia a d\u00f4vernos\u0165 \u00fadajov s\u00fa samozrejmos\u0165ou.<\/p>\n<p data-start=\"1032\" data-end=\"1209\">Ak m\u00e1te z\u00e1ujem o <a href=\"https:\/\/havava.sk\/?product=poradenstvo-jednotlivec\">individu\u00e1lne poradenstvo<\/a>, <a href=\"https:\/\/havava.sk\/?product=poradenstvo-parove\">p\u00e1rov\u00e9 stretnutia<\/a> alebo chcete konzultova\u0165 v\u00fdvinov\u00e9 a emo\u010dn\u00e9 potreby v\u00e1\u0161ho die\u0165a\u0165a, ozvite sa \u2013 rada v\u00e1s priv\u00edtam osobne alebo online.<\/p>\n<h3 data-start=\"161\" data-end=\"172\">O mne<\/h3>\n<p data-start=\"173\" data-end=\"210\"><strong data-start=\"173\" data-end=\"210\">doc. Mgr. Zlatica Zacharov\u00e1, PhD.<\/strong><\/p>\n<p data-start=\"213\" data-end=\"552\">Vy\u0161tudovala som psychol\u00f3giu a u\u010dite\u013estvo. Pracujem ako vysoko\u0161kolsk\u00e1 pedagogi\u010dka a ako konzultantka so zameran\u00edm na individu\u00e1lne a p\u00e1rov\u00e9 poradenstvo, ako aj v\u00fdchovn\u00e9 poradenstvo. Venujem sa aj vedeck\u00e9mu v\u00fdskumu, okrem ot\u00e1zok well-beingu, psychick\u00e9ho zdravia a pohody, aj v oblasti zvl\u00e1dania em\u00f3ci\u00ed u det\u00ed v pred\u0161kolskom veku. P\u00f4sob\u00edm na Pedagogickej fakulte Univerzity Komensk\u00e9ho a externe vyu\u010dujem na Slovenskej technickej univerzite v Bratislave.<\/p>\n<p data-start=\"554\" data-end=\"826\">Ako matka troch synov m\u00e1m aj osobn\u00fa sk\u00fasenos\u0165 s v\u00fdvinom det\u00ed, v\u00fdchovn\u00fdmi v\u00fdzvami a balansovan\u00edm rodinn\u00e9ho a pracovn\u00e9ho \u017eivota. V minulosti som zalo\u017eila matersk\u00e9 centrum, ktor\u00e9 som dlh\u00e9 roky viedla, \u010do mi umo\u017enilo prep\u00e1ja\u0165 odborn\u00e9 poznatky s potrebami rodi\u010dovskej komunity.<\/p>\n<p data-start=\"211\" data-end=\"504\">Venujem sa v\u00fdskumu a v\u00fdu\u010dbe v oblastiach:<\/p>\n<h4 data-pm-slice=\"1 3 []\">Oblasti p\u00f4sobenia:<\/h4>\n<ul>\n<li>Poradensk\u00e1 psychol\u00f3gia, \u0161peci\u00e1lne p\u00e1rov\u00e9 a poradenstvo v oblasti v\u00fdchovy a vzdel\u00e1vania<\/li>\n<li>V\u00fdvinov\u00e1 psychol\u00f3gia a v\u00fdvinov\u00e1 psycholingvistika<\/li>\n<li>Pedagogick\u00e1 psychol\u00f3gia a psychol\u00f3gia v\u00fdchovy<\/li>\n<li>Neurodiverzita: pr\u00e1ca s de\u0165mi s ADHD, PAS, nadan\u00fdmi de\u0165mi a pubert\u00e1lnym vzdorom<\/li>\n<li>Vedecko-v\u00fdskumn\u00e1 \u010dinnos\u0165 \u2013 kvalitat\u00edvne a kvantitat\u00edvne v\u00fdskumn\u00e9 met\u00f3dy<\/li>\n<li>Vzdel\u00e1vanie u\u010dite\u013eov a odborn\u00fdch pracovn\u00edkov v inkluz\u00edvnom prostred\u00ed<\/li>\n<\/ul>\n<p data-start=\"716\" data-end=\"988\">Vo vedecko-v\u00fdskumnej \u010dinnosti sa zameriavam na kvantitat\u00edvne aj kvalitat\u00edvne pr\u00edstupy a \u0161tatistick\u00e9 spracovanie \u00fadajov. Som autorkou a spoluautorkou viacer\u00fdch vedeck\u00fdch monografi\u00ed, vysoko\u0161kolsk\u00fdch u\u010debn\u00edc a publik\u00e1ci\u00ed evidovan\u00fdch v medzin\u00e1rodn\u00fdch datab\u00e1zach (<a href=\"https:\/\/orcid.org\/0000-0003-4950-3381\">WoS, Scopus<\/a>).<\/p>\n<p data-start=\"1321\" data-end=\"1753\">Vo svojej poradenskej pr\u00e1ci uplat\u0148ujem eklektick\u00fd pr\u00edstup \u2013 prep\u00e1jam poznatky z eduka\u010dnej psychol\u00f3gie, analytickej psychol\u00f3gie, individu\u00e1lnej psychol\u00f3gie, procesorientovanej psychoterapie, kognit\u00edvno-behavior\u00e1lnych techn\u00edk, narat\u00edvneho pr\u00edstupu, pr\u00e1ce s em\u00f3ciami i telom. D\u00f4le\u017eitou s\u00fa\u010das\u0165ou spolupr\u00e1ce s klientom je pre m\u0148a vytv\u00e1ranie vz\u0165ahu, d\u00f4very, akt\u00edvne po\u010d\u00favanie, porozumenie a podpora pri objavovan\u00ed a sprac\u00favan\u00ed kognit\u00edvnych i emocion\u00e1lnych procesov v ka\u017edodennom \u017eivote.<\/p>\n<p data-start=\"1321\" data-end=\"1753\">Ako frekventantka <a href=\"https:\/\/eftinstitute.sk\/\">EFT Couple therapy<\/a> vzdel\u00e1vania h\u013ead\u00e1m p\u00e1ry <strong>do cvi\u010dnej terapie<\/strong>, ktor\u00e9 by boli ochotn\u00e9 nahr\u00e1va\u0165 svoje sedenia za \u00fa\u010delom pou\u017eitia nahr\u00e1vok pri superv\u00edzii. Cena za cvi\u010dn\u00fa terapiu je polovi\u010dn\u00e1 oproti be\u017en\u00fdm sedeniam.<\/p>\n<hr data-start=\"1425\" data-end=\"1428\" \/>\n<h3 data-start=\"1430\" data-end=\"1458\">Vzdelanie a kvalifik\u00e1cie<\/h3>\n<ul>\n<li data-start=\"1462\" data-end=\"1542\"><strong data-start=\"1462\" data-end=\"1470\">2004<\/strong> Mgr. \u2013 U\u010dite\u013estvo psychol\u00f3gie a nemeck\u00e9ho jazyka, PdF UK v Bratislave<\/li>\n<li data-start=\"1545\" data-end=\"1636\"><strong data-start=\"1545\" data-end=\"1553\">2006<\/strong> Mgr. \u2013 Psychol\u00f3gia (\u0161t\u00e1tna sk\u00fa\u0161ka z klinickej a poradenskej psychol\u00f3gie), FiF UK<\/li>\n<li data-start=\"1639\" data-end=\"1693\"><strong data-start=\"1639\" data-end=\"1647\">2013<\/strong> PhD. \u2013 Pred\u0161kolsk\u00e1 a element\u00e1rna pedagogika<\/li>\n<li data-start=\"1696\" data-end=\"1748\"><strong data-start=\"1696\" data-end=\"1704\">2022<\/strong> doc. \u2013 Habilit\u00e1cia na PdF UK v Bratislave<\/li>\n<\/ul>\n<p data-start=\"1750\" data-end=\"1798\"><strong data-start=\"1750\" data-end=\"1796\">Dopl\u0148uj\u00face odborn\u00e9 v\u00fdcviky a certifik\u00e1cie:<\/strong><\/p>\n<ul>\n<li data-start=\"1801\" data-end=\"1899\">2006\u20132007 \u2013 Tr\u00e9ning analytickej psychoterapie (\u010ceskoslovensk\u00e1 analytick\u00e1 spolo\u010dnos\u0165, Brno\u2013Praha)<\/li>\n<li data-start=\"1902\" data-end=\"1975\">2010\u20132011 \u2013 Certifik\u00e1t z lingvodidaktiky a tr\u00e9nersk\u00e1 kvalifik\u00e1cia (R\u00edm)<\/li>\n<li data-start=\"1978\" data-end=\"2075\">Letn\u00e1 \u0161kola adleri\u00e1nskej psychoterapie (2016, 2019, 2021, 2022 \u2013 p\u00e1rov\u00e9 poradenstvo, l\u00edderstvo)<\/li>\n<li data-start=\"2190\" data-end=\"2279\">Medzin\u00e1rodn\u00e9 vzdel\u00e1vania (Taliansko, Cyprus): Rozhodovanie, l\u00edderstvo, pr\u00e1ca s ml\u00e1de\u017eou<\/li>\n<li data-start=\"2078\" data-end=\"2140\">2024 \u2013 WHO\/UNICEF: Ensuring Quality in Psychological Support<\/li>\n<li data-start=\"2143\" data-end=\"2187\">2025 \u2013 Emotion Focused Therapy for Couples (frekventantka)<\/li>\n<li data-start=\"2282\" data-end=\"2348\">Od 2021 \u2013 dlhodob\u00fd v\u00fdcvik v procesorientovanej psychoterapii (POP) (frekventantka)<\/li>\n<\/ul>\n<h4>\u010clenstvo v medzin\u00e1rodn\u00fdch a n\u00e1rodn\u00fdch organiz\u00e1ci\u00e1ch:<\/h4>\n<ul>\n<li>SIVP &#8211; Slovensk\u00fd in\u0161tit\u00fat pre vzdel\u00e1vanie v psychoterapii<\/li>\n<li>SAUP -do 2023 <a href=\"http:\/\/www.saup.sk\/\">Slovensk\u00e1 asoci\u00e1cia u\u010dite\u013eov psychol\u00f3gie<\/a><\/li>\n<li>EECERA &#8211; <a href=\"http:\/\/www.eecera.org\/\">European Early Childhood Education Research Association<\/a>, p\u00f4sob\u00ed ako koordin\u00e1tor pre Slovensk\u00fa republiku<\/li>\n<li>REYLL &#8211; Research into Early Years Language Learning &#8211;\u00a0<a href=\"https:\/\/multilingualchildhoods.wordpress.com\/\">Multilingual Childhoods<\/a><br \/>\n<a href=\"http:\/\/alis.uniba.sk:9909\/search\/query?match_1=PHRASE&amp;field_1=authid&amp;term_1=779558&amp;sort=relevance&amp;theme=EPC\" target=\"_blank\" rel=\"noopener\">Preh\u013ead v\u0161etk\u00fdch publik\u00e1ci\u00ed<\/a><br \/>\n<a href=\"https:\/\/www.routledge.com\/Early-Years-Second-Language-Education-International-perspectives-on-theory\/Mourao-Lourenco\/p\/book\/9780415705271\" target=\"_blank\" rel=\"noopener\">Kniha: Early Years Second Language Education<\/a><\/li>\n<\/ul>\n","protected":false},"excerpt":{"rendered":"<p>Ponuka psychologick\u00e9ho poradenstva a cvi\u010dnej p\u00e1rovej terapie (EFT) H\u013ead\u00e1te priestor, kde sa m\u00f4\u017eete pozrie\u0165 na seba, svoje vz\u0165ahy alebo rodi\u010dovstvo s v\u00e4\u010d\u0161\u00edm porozumen\u00edm? Venujem sa psychologick\u00e9mu poradenstvu pre jednotlivcov, p\u00e1ry a deti, s d\u00f4razom na citliv\u00fd pr\u00edstup, re\u0161pekt k jedine\u010dnosti<\/p>\n","protected":false},"author":1,"featured_media":0,"parent":0,"menu_order":0,"comment_status":"closed","ping_status":"closed","template":"","meta":{"_monsterinsights_skip_tracking":false,"_monsterinsights_sitenote_active":false,"_monsterinsights_sitenote_note":"","_monsterinsights_sitenote_category":0,"footnotes":""},"class_list":["post-67","page","type-page","status-publish","hentry"],"jetpack_sharing_enabled":true,"_links":{"self":[{"href":"https:\/\/havava.sk\/index.php?rest_route=\/wp\/v2\/pages\/67","targetHints":{"allow":["GET"]}}],"collection":[{"href":"https:\/\/havava.sk\/index.php?rest_route=\/wp\/v2\/pages"}],"about":[{"href":"https:\/\/havava.sk\/index.php?rest_route=\/wp\/v2\/types\/page"}],"author":[{"embeddable":true,"href":"https:\/\/havava.sk\/index.php?rest_route=\/wp\/v2\/users\/1"}],"replies":[{"embeddable":true,"href":"https:\/\/havava.sk\/index.php?rest_route=%2Fwp%2Fv2%2Fcomments&post=67"}],"version-history":[{"count":6,"href":"https:\/\/havava.sk\/index.php?rest_route=\/wp\/v2\/pages\/67\/revisions"}],"predecessor-version":[{"id":195,"href":"https:\/\/havava.sk\/index.php?rest_route=\/wp\/v2\/pages\/67\/revisions\/195"}],"wp:attachment":[{"href":"https:\/\/havava.sk\/index.php?rest_route=%2Fwp%2Fv2%2Fmedia&parent=67"}],"curies":[{"name":"wp","href":"https:\/\/api.w.org\/{rel}","templated":true}]}}