{"id":41,"date":"2022-12-27T03:34:11","date_gmt":"2022-12-27T02:34:11","guid":{"rendered":"http:\/\/havava.sk\/?page_id=41"},"modified":"2023-01-19T23:05:05","modified_gmt":"2023-01-19T22:05:05","slug":"kontakty","status":"publish","type":"page","link":"https:\/\/havava.sk\/?page_id=41","title":{"rendered":"Kontakty"},"content":{"rendered":"<p>&nbsp;<\/p>\n<p>HAVAVA, s.r.o.<br \/>\n\u00dadern\u00edcka 4A<br \/>\n851 01, Bratislava &#8211; mestsk\u00e1 \u010das\u0165 Petr\u017ealka<\/p>\n<p>I\u010do: 46 615 172<br \/>\nDi\u010d: 2023496310<\/p>\n<p>doc. Mgr. Zlatica Zacharov\u00e1 PhD.<br \/>\nMail: zlatica.zacharova(at)havava.sk<br \/>\nTelef\u00f3n: +421 903 373 945<br \/>\n<iframe src=\"https:\/\/www.google.com\/maps\/embed?pb=!1m18!1m12!1m3!1d4577.366015042726!2d17.093591491599845!3d48.121859841403285!2m3!1f0!2f0!3f0!3m2!1i1024!2i768!4f13.1!3m3!1m2!1s0x476c899d7cc7fe9b%3A0x1597778c995e0804!2zw5pkZXJuw61ja2EgNGEsIDg1MSAwMSBQZXRyxb5hbGth!5e0!3m2!1sen!2ssk!4v1674165263855!5m2!1sen!2ssk\" width=\"600\" height=\"450\" style=\"border:0;\" allowfullscreen=\"\" loading=\"lazy\" referrerpolicy=\"no-referrer-when-downgrade\"><\/iframe><\/p>\n<p>Bankov\u00e9 spojenie: Fio banka, a.s.<br \/>\n\u00fa\u010det: SK6783300000002501742765<\/p>\n<p>Prev\u00e1dzkovate\u013eom tejto str\u00e1nky je spolo\u010dnos\u0165 HAVAVA, s.r.o., ofici\u00e1lny distrib\u00fator materi\u00e1lov Hocus &amp; Lotus na Slovensku.<br \/>\nSpolo\u010dnos\u0165 je zap\u00edsan\u00e1 v OR Okresn\u00e9ho s\u00fadu Bratislava I vlo\u017eka \u010d\u00edslo 80529\/B oddiel Sro.<br \/>\nSpolo\u010dnos\u0165 nie je platcom DPH.<\/p>\n","protected":false},"excerpt":{"rendered":"<p>&nbsp; HAVAVA, s.r.o. \u00dadern\u00edcka 4A 851 01, Bratislava &#8211; mestsk\u00e1 \u010das\u0165 Petr\u017ealka I\u010do: 46 615 172 Di\u010d: 2023496310 doc. Mgr. Zlatica Zacharov\u00e1 PhD. Mail: zlatica.zacharova(at)havava.sk Telef\u00f3n: +421 903 373 945 Bankov\u00e9 spojenie: Fio banka, a.s. \u00fa\u010det: SK6783300000002501742765 Prev\u00e1dzkovate\u013eom tejto str\u00e1nky<\/p>\n","protected":false},"author":1,"featured_media":19,"parent":0,"menu_order":0,"comment_status":"closed","ping_status":"closed","template":"","meta":{"_monsterinsights_skip_tracking":false,"_monsterinsights_sitenote_active":false,"_monsterinsights_sitenote_note":"","_monsterinsights_sitenote_category":0,"footnotes":""},"class_list":["post-41","page","type-page","status-publish","has-post-thumbnail","hentry"],"jetpack_sharing_enabled":true,"_links":{"self":[{"href":"https:\/\/havava.sk\/index.php?rest_route=\/wp\/v2\/pages\/41","targetHints":{"allow":["GET"]}}],"collection":[{"href":"https:\/\/havava.sk\/index.php?rest_route=\/wp\/v2\/pages"}],"about":[{"href":"https:\/\/havava.sk\/index.php?rest_route=\/wp\/v2\/types\/page"}],"author":[{"embeddable":true,"href":"https:\/\/havava.sk\/index.php?rest_route=\/wp\/v2\/users\/1"}],"replies":[{"embeddable":true,"href":"https:\/\/havava.sk\/index.php?rest_route=%2Fwp%2Fv2%2Fcomments&post=41"}],"version-history":[{"count":6,"href":"https:\/\/havava.sk\/index.php?rest_route=\/wp\/v2\/pages\/41\/revisions"}],"predecessor-version":[{"id":231,"href":"https:\/\/havava.sk\/index.php?rest_route=\/wp\/v2\/pages\/41\/revisions\/231"}],"wp:featuredmedia":[{"embeddable":true,"href":"https:\/\/havava.sk\/index.php?rest_route=\/wp\/v2\/media\/19"}],"wp:attachment":[{"href":"https:\/\/havava.sk\/index.php?rest_route=%2Fwp%2Fv2%2Fmedia&parent=41"}],"curies":[{"name":"wp","href":"https:\/\/api.w.org\/{rel}","templated":true}]}}