{"id":37,"date":"2022-12-27T03:34:10","date_gmt":"2022-12-27T02:34:10","guid":{"rendered":"http:\/\/havava.sk\/?page_id=37"},"modified":"2025-11-05T23:21:08","modified_gmt":"2025-11-05T22:21:08","slug":"prednasky","status":"publish","type":"page","link":"https:\/\/havava.sk\/","title":{"rendered":"Havava, s.r.o."},"content":{"rendered":"<p><b>Havava<\/b> prin\u00e1\u0161a do praxe nov\u00e9, vedecky overen\u00e9 pr\u00edstupy k vzdel\u00e1vaniu, rozvoju a porozumeniu de\u0165om aj dospel\u00fdm.<br \/>\nNa\u0161\u00edm cie\u013eom je podpori\u0165 deti, rodi\u010dov a u\u010dite\u013eov tak, aby sa u\u010denie, komunik\u00e1cia a vz\u0165ahy stali prirodzenej\u0161ou a radostnej\u0161ou s\u00fa\u010das\u0165ou \u017eivota.<\/p>\n<p>Pon\u00fakame:<\/p>\n<p>\ud83c\udf93 Vzdel\u00e1vanie pre u\u010dite\u013eov a odborn\u00edkov v oblasti jazykov\u00e9ho, soci\u00e1lneho a emocion\u00e1lneho rozvoja det\u00ed,<\/p>\n<p>\ud83c\udfad Tr\u00e9ning met\u00f3dou narat\u00edvneho form\u00e1tu Hocus &#038; Lotus, ktor\u00e1 rozv\u00edja jazyk prostredn\u00edctvom pr\u00edbehov, pohybu a em\u00f3ci\u00ed,<\/p>\n<p>\ud83d\udc68\u200d\ud83d\udc69\u200d\ud83d\udc67 Poradenstvo pre rodiny s bilingv\u00e1lnymi de\u0165mi,<\/p>\n<p>\ud83d\udcac Individu\u00e1lne a p\u00e1rov\u00e9 poradenstvo zameran\u00e9 na komunik\u00e1ciu, porozumenie, partnersk\u00e9 vz\u0165ahy a podporu rodinn\u00fdch v\u00e4zieb.<\/p>\n<p>Zlatica Zacharov\u00e1 vo svojej pr\u00e1ci prep\u00e1ja psychol\u00f3giu, neurolingvistiku a v\u00fdskum. Spolupracuje s dom\u00e1cimi aj zahrani\u010dn\u00fdmi univerzitami a in\u0161piruje sa v\u00fdskumami viacer\u00fdch zahrani\u010dn\u00fdch renomovan\u00fdch pracov\u00eds od Max Plank Institue, cez I-LABS a\u017e po CREC v komunite EECERA.<\/p>\n<p>Jej v\u00fdskumn\u00e9 aktivity sa zameriavaj\u00fa na:<\/p>\n<ul>\nbilingvizmus a viacjazy\u010dn\u00fd rozvoj det\u00ed,<\/p>\n<p>exekut\u00edvne funkcie a ich prepojenie s u\u010den\u00edm a jazykom,<\/p>\n<p>deti s neurodiverzitou a ich potreby v \u0161kolskom prostred\u00ed,<\/p>\n<p>rozvoj emo\u010dnej regul\u00e1cie a soci\u00e1lno-emocion\u00e1lnych kompetenci\u00ed.<\/ul>\n<p>V oblasti terapie a poradenstva vyu\u017e\u00edva pr\u00edstupy Emotion Focused Therapy (EFT), Procesorientovanej psychol\u00f3gie, Individu\u00e1lnej psychol\u00f3gie a pod\u013ea potreby aj met\u00f3dy z in\u00fdch terapeutick\u00fdch smerov, aby dok\u00e1zala citlivo reagova\u0165 na potreby jednotlivcov a p\u00e1rov.<\/p>\n<p>V\u00fdsledky v\u00fdskumov a odborn\u00fdch aktiv\u00edt s\u00fa prezentovan\u00e9 na medzin\u00e1rodn\u00fdch konferenci\u00e1ch, publikovan\u00e9 v vedeck\u00fdch monografi\u00e1ch a odborn\u00fdch \u010dasopisoch.<\/p>\n<p>\u2728 Havava je miestom, kde sa sp\u00e1ja veda, empatia a prax \u2014 pre deti, ktor\u00e9 sa u\u010dia s rados\u0165ou, a pre dospel\u00fdch, ktor\u00ed h\u013eadaj\u00fa nov\u00e9 sp\u00f4soby, ako porozumie\u0165 sebe aj druh\u00fdm.<\/p>\n","protected":false},"excerpt":{"rendered":"<p>Havava prin\u00e1\u0161a do praxe nov\u00e9, vedecky overen\u00e9 pr\u00edstupy k vzdel\u00e1vaniu, rozvoju a porozumeniu de\u0165om aj dospel\u00fdm. Na\u0161\u00edm cie\u013eom je podpori\u0165 deti, rodi\u010dov a u\u010dite\u013eov tak, aby sa u\u010denie, komunik\u00e1cia a vz\u0165ahy stali prirodzenej\u0161ou a radostnej\u0161ou s\u00fa\u010das\u0165ou \u017eivota. Pon\u00fakame: \ud83c\udf93 Vzdel\u00e1vanie<\/p>\n","protected":false},"author":1,"featured_media":0,"parent":0,"menu_order":0,"comment_status":"closed","ping_status":"closed","template":"","meta":{"_monsterinsights_skip_tracking":false,"_monsterinsights_sitenote_active":false,"_monsterinsights_sitenote_note":"","_monsterinsights_sitenote_category":0,"footnotes":""},"class_list":["post-37","page","type-page","status-publish","hentry"],"jetpack_sharing_enabled":true,"_links":{"self":[{"href":"https:\/\/havava.sk\/index.php?rest_route=\/wp\/v2\/pages\/37","targetHints":{"allow":["GET"]}}],"collection":[{"href":"https:\/\/havava.sk\/index.php?rest_route=\/wp\/v2\/pages"}],"about":[{"href":"https:\/\/havava.sk\/index.php?rest_route=\/wp\/v2\/types\/page"}],"author":[{"embeddable":true,"href":"https:\/\/havava.sk\/index.php?rest_route=\/wp\/v2\/users\/1"}],"replies":[{"embeddable":true,"href":"https:\/\/havava.sk\/index.php?rest_route=%2Fwp%2Fv2%2Fcomments&post=37"}],"version-history":[{"count":6,"href":"https:\/\/havava.sk\/index.php?rest_route=\/wp\/v2\/pages\/37\/revisions"}],"predecessor-version":[{"id":467,"href":"https:\/\/havava.sk\/index.php?rest_route=\/wp\/v2\/pages\/37\/revisions\/467"}],"wp:attachment":[{"href":"https:\/\/havava.sk\/index.php?rest_route=%2Fwp%2Fv2%2Fmedia&parent=37"}],"curies":[{"name":"wp","href":"https:\/\/api.w.org\/{rel}","templated":true}]}}